{"id":8,"date":"2025-07-13T19:24:10","date_gmt":"2025-07-13T19:24:10","guid":{"rendered":"https:\/\/gastro-lab.com\/?page_id=8"},"modified":"2025-07-20T19:10:22","modified_gmt":"2025-07-20T19:10:22","slug":"elementor-8","status":"publish","type":"page","link":"https:\/\/www.gastro-lab.com\/index.php\/elementor-8\/","title":{"rendered":"Elementor #8"},"content":{"rendered":"\t\t<div data-elementor-type=\"wp-post\" data-elementor-id=\"8\" class=\"elementor elementor-8\" data-elementor-post-type=\"page\">\n\t\t\t\t<div class=\"elementor-element elementor-element-30ce387b e-con-full e-flex e-con e-parent\" data-id=\"30ce387b\" data-element_type=\"container\" data-e-type=\"container\" data-settings=\"{&quot;background_background&quot;:&quot;gradient&quot;}\">\n\t\t<div class=\"elementor-element elementor-element-78638b43 e-con-full e-flex e-con e-child\" data-id=\"78638b43\" data-element_type=\"container\" data-e-type=\"container\">\n\t\t\t\t<div class=\"elementor-element elementor-element-7f1f6b3a elementor-invisible elementor-widget elementor-widget-image\" data-id=\"7f1f6b3a\" data-element_type=\"widget\" data-e-type=\"widget\" data-settings=\"{&quot;motion_fx_motion_fx_scrolling&quot;:&quot;yes&quot;,&quot;motion_fx_translateY_effect&quot;:&quot;yes&quot;,&quot;motion_fx_translateY_direction&quot;:&quot;negative&quot;,&quot;motion_fx_translateY_speed&quot;:{&quot;unit&quot;:&quot;px&quot;,&quot;size&quot;:1.5,&quot;sizes&quot;:[]},&quot;_animation&quot;:&quot;slideInLeft&quot;,&quot;motion_fx_translateY_affectedRange&quot;:{&quot;unit&quot;:&quot;%&quot;,&quot;size&quot;:&quot;&quot;,&quot;sizes&quot;:{&quot;start&quot;:0,&quot;end&quot;:100}},&quot;motion_fx_devices&quot;:[&quot;desktop&quot;,&quot;tablet&quot;,&quot;mobile&quot;]}\" data-widget_type=\"image.default\">\n\t\t\t\t<div class=\"elementor-widget-container\">\n\t\t\t\t\t\t\t\t\t\t\t\t\t\t\t<img fetchpriority=\"high\" decoding=\"async\" width=\"1024\" height=\"1024\" src=\"https:\/\/www.gastro-lab.com\/wp-content\/uploads\/2025\/06\/8-1024x1024.png\" class=\"attachment-large size-large wp-image-401\" alt=\"\" srcset=\"https:\/\/www.gastro-lab.com\/wp-content\/uploads\/2025\/06\/8-1024x1024.png 1024w, https:\/\/www.gastro-lab.com\/wp-content\/uploads\/2025\/06\/8-300x300.png 300w, https:\/\/www.gastro-lab.com\/wp-content\/uploads\/2025\/06\/8-150x150.png 150w, https:\/\/www.gastro-lab.com\/wp-content\/uploads\/2025\/06\/8-768x768.png 768w, https:\/\/www.gastro-lab.com\/wp-content\/uploads\/2025\/06\/8-400x400.png 400w, https:\/\/www.gastro-lab.com\/wp-content\/uploads\/2025\/06\/8-450x450.png 450w, https:\/\/www.gastro-lab.com\/wp-content\/uploads\/2025\/06\/8-106x106.png 106w, https:\/\/www.gastro-lab.com\/wp-content\/uploads\/2025\/06\/8-560x560.png 560w, https:\/\/www.gastro-lab.com\/wp-content\/uploads\/2025\/06\/8-80x80.png 80w, https:\/\/www.gastro-lab.com\/wp-content\/uploads\/2025\/06\/8.png 1080w\" sizes=\"(max-width: 1024px) 100vw, 1024px\" \/>\t\t\t\t\t\t\t\t\t\t\t\t\t\t\t<\/div>\n\t\t\t\t<\/div>\n\t\t\t\t<\/div>\n\t\t<div class=\"elementor-element elementor-element-1efcdf78 e-con-full e-flex e-con e-child\" data-id=\"1efcdf78\" data-element_type=\"container\" data-e-type=\"container\">\n\t\t<div class=\"elementor-element elementor-element-6965d561 e-flex e-con-boxed e-con e-child\" data-id=\"6965d561\" data-element_type=\"container\" data-e-type=\"container\">\n\t\t\t\t\t<div class=\"e-con-inner\">\n\t\t\t\t<div class=\"elementor-element elementor-element-7f87ac04 animated-slow elementor-invisible elementor-widget elementor-widget-heading\" data-id=\"7f87ac04\" data-element_type=\"widget\" data-e-type=\"widget\" data-settings=\"{&quot;_animation&quot;:&quot;fadeIn&quot;}\" data-widget_type=\"heading.default\">\n\t\t\t\t<div class=\"elementor-widget-container\">\n\t\t\t\t\t<h1 class=\"elementor-heading-title elementor-size-default\">Panel Da\u00f1o Renal\n<\/h1>\t\t\t\t<\/div>\n\t\t\t\t<\/div>\n\t\t\t\t<div class=\"elementor-element elementor-element-907cffa elementor-invisible elementor-widget elementor-widget-text-editor\" data-id=\"907cffa\" data-element_type=\"widget\" data-e-type=\"widget\" data-settings=\"{&quot;_animation&quot;:&quot;fadeIn&quot;,&quot;_animation_delay&quot;:200}\" data-widget_type=\"text-editor.default\">\n\t\t\t\t<div class=\"elementor-widget-container\">\n\t\t\t\t\t\t\t\t\t<p>\u00a0Detecta deterioro en la funci\u00f3n de los ri\u00f1ones.<\/p>\t\t\t\t\t\t\t\t<\/div>\n\t\t\t\t<\/div>\n\t\t\t\t\t<\/div>\n\t\t\t\t<\/div>\n\t\t\t\t<div class=\"elementor-element elementor-element-50d657e elementor-widget elementor-widget-image\" data-id=\"50d657e\" data-element_type=\"widget\" data-e-type=\"widget\" data-widget_type=\"image.default\">\n\t\t\t\t<div class=\"elementor-widget-container\">\n\t\t\t\t\t\t\t\t\t\t\t\t\t\t\t<img decoding=\"async\" width=\"1024\" height=\"256\" src=\"https:\/\/www.gastro-lab.com\/wp-content\/uploads\/2025\/05\/Beige-Aesthetic-Elegant-Minimalist-Name-LinkedIn-Banner--1024x256.png\" class=\"attachment-large size-large wp-image-322\" alt=\"\" srcset=\"https:\/\/www.gastro-lab.com\/wp-content\/uploads\/2025\/05\/Beige-Aesthetic-Elegant-Minimalist-Name-LinkedIn-Banner--1024x256.png 1024w, https:\/\/www.gastro-lab.com\/wp-content\/uploads\/2025\/05\/Beige-Aesthetic-Elegant-Minimalist-Name-LinkedIn-Banner--300x75.png 300w, https:\/\/www.gastro-lab.com\/wp-content\/uploads\/2025\/05\/Beige-Aesthetic-Elegant-Minimalist-Name-LinkedIn-Banner--768x192.png 768w, https:\/\/www.gastro-lab.com\/wp-content\/uploads\/2025\/05\/Beige-Aesthetic-Elegant-Minimalist-Name-LinkedIn-Banner--1536x384.png 1536w, https:\/\/www.gastro-lab.com\/wp-content\/uploads\/2025\/05\/Beige-Aesthetic-Elegant-Minimalist-Name-LinkedIn-Banner-.png 1584w\" sizes=\"(max-width: 1024px) 100vw, 1024px\" \/>\t\t\t\t\t\t\t\t\t\t\t\t\t\t\t<\/div>\n\t\t\t\t<\/div>\n\t\t\t\t<\/div>\n\t\t\t\t<\/div>\n\t\t<div class=\"elementor-element elementor-element-68b6b65 e-flex e-con-boxed elementor-invisible e-con e-parent\" data-id=\"68b6b65\" data-element_type=\"container\" data-e-type=\"container\" data-settings=\"{&quot;animation&quot;:&quot;fadeInUp&quot;}\">\n\t\t\t\t\t<div class=\"e-con-inner\">\n\t\t<div class=\"elementor-element elementor-element-4a893f9 e-con-full e-flex e-con e-child\" data-id=\"4a893f9\" data-element_type=\"container\" data-e-type=\"container\" data-settings=\"{&quot;background_background&quot;:&quot;classic&quot;}\">\n\t\t\t\t<div class=\"elementor-element elementor-element-455becdd elementor-invisible elementor-widget elementor-widget-text-editor\" data-id=\"455becdd\" data-element_type=\"widget\" data-e-type=\"widget\" data-settings=\"{&quot;_animation&quot;:&quot;fadeIn&quot;,&quot;_animation_delay&quot;:200}\" data-widget_type=\"text-editor.default\">\n\t\t\t\t<div class=\"elementor-widget-container\">\n\t\t\t\t\t\t\t\t\t<ul><li>Cistatina C<\/li><li>Beta-2 Microglobulina<\/li><li>Crea Riesgo elevado de muertetinina GFR\u00a0<\/li><li>C\u00e1lculo Urinario Cuantitativo<\/li><li>Vitamina B6<\/li><li>Riesgo C\u00e1lculos de Oxalato. Orina<\/li><li>T-Spot.TB \/ Plac Test<\/li><li>Riesgo elevado de muerte<\/li><li>Da\u00f1o temprano Previo a Elevaci\u00f3n de Creatinina.<\/li><li>Disminuye Riesgo de llegar a HEMODI\u00c1LISIS.<\/li><\/ul>\t\t\t\t\t\t\t\t<\/div>\n\t\t\t\t<\/div>\n\t\t\t\t<\/div>\n\t\t\t\t\t<\/div>\n\t\t\t\t<\/div>\n\t\t<div class=\"elementor-element elementor-element-7aa9c5d6 e-flex e-con-boxed e-con e-parent\" data-id=\"7aa9c5d6\" data-element_type=\"container\" data-e-type=\"container\">\n\t\t\t\t\t<div class=\"e-con-inner\">\n\t\t\t\t<div class=\"elementor-element elementor-element-6dee35e0 elementor-widget elementor-widget-heading\" data-id=\"6dee35e0\" data-element_type=\"widget\" data-e-type=\"widget\" data-widget_type=\"heading.default\">\n\t\t\t\t<div class=\"elementor-widget-container\">\n\t\t\t\t\t<h3 class=\"elementor-heading-title elementor-size-default\">\u00a1Transforma tu Salud! <\/h3>\t\t\t\t<\/div>\n\t\t\t\t<\/div>\n\t\t\t\t<div class=\"elementor-element elementor-element-45ea897 elementor-widget elementor-widget-text-editor\" data-id=\"45ea897\" data-element_type=\"widget\" data-e-type=\"widget\" data-widget_type=\"text-editor.default\">\n\t\t\t\t<div class=\"elementor-widget-container\">\n\t\t\t\t\t\t\t\t\t<p>Cont\u00e1ctanos y Descubre C\u00f3mo Podemos Ayudarte.<\/p>\t\t\t\t\t\t\t\t<\/div>\n\t\t\t\t<\/div>\n\t\t\t\t<div class=\"elementor-element elementor-element-10c55f73 elementor-align-center elementor-mobile-align-center elementor-widget elementor-widget-button\" data-id=\"10c55f73\" data-element_type=\"widget\" data-e-type=\"widget\" data-widget_type=\"button.default\">\n\t\t\t\t<div class=\"elementor-widget-container\">\n\t\t\t\t\t\t\t\t\t<div class=\"elementor-button-wrapper\">\n\t\t\t\t\t<a class=\"elementor-button elementor-button-link elementor-size-sm\" href=\"https:\/\/wa.link\/p5n5y5\">\n\t\t\t\t\t\t<span class=\"elementor-button-content-wrapper\">\n\t\t\t\t\t\t\t\t\t<span class=\"elementor-button-text\">M\u00e1s informaci\u00f3n<\/span>\n\t\t\t\t\t<\/span>\n\t\t\t\t\t<\/a>\n\t\t\t\t<\/div>\n\t\t\t\t\t\t\t\t<\/div>\n\t\t\t\t<\/div>\n\t\t\t\t\t<\/div>\n\t\t\t\t<\/div>\n\t\t\t\t<\/div>\n\t\t","protected":false},"excerpt":{"rendered":"<p>Panel Da\u00f1o Renal \u00a0Detecta deterioro en la funci\u00f3n de los ri\u00f1ones. Cistatina C Beta-2 Microglobulina Crea Riesgo elevado de muertetinina GFR\u00a0 C\u00e1lculo Urinario Cuantitativo Vitamina B6 Riesgo C\u00e1lculos de Oxalato. Orina T-Spot.TB \/ Plac Test Riesgo elevado de muerte Da\u00f1o temprano Previo a Elevaci\u00f3n de Creatinina. Disminuye Riesgo de llegar a HEMODI\u00c1LISIS. \u00a1Transforma tu Salud! [&hellip;]<\/p>\n","protected":false},"author":1,"featured_media":0,"parent":0,"menu_order":0,"comment_status":"closed","ping_status":"closed","template":"elementor_header_footer","meta":{"footnotes":""},"class_list":["post-8","page","type-page","status-publish","hentry"],"yoast_head":"<!-- This site is optimized with the Yoast SEO plugin v27.2 - https:\/\/yoast.com\/product\/yoast-seo-wordpress\/ -->\n<title>Elementor #8 - Gastrolab Centro Cardiometabolico<\/title>\n<meta name=\"robots\" content=\"index, follow, max-snippet:-1, max-image-preview:large, max-video-preview:-1\" \/>\n<link rel=\"canonical\" href=\"https:\/\/www.gastro-lab.com\/index.php\/elementor-8\/\" \/>\n<meta property=\"og:locale\" content=\"es_ES\" \/>\n<meta property=\"og:type\" content=\"article\" \/>\n<meta property=\"og:title\" content=\"Elementor #8 - Gastrolab Centro Cardiometabolico\" \/>\n<meta property=\"og:description\" content=\"Panel Da\u00f1o Renal \u00a0Detecta deterioro en la funci\u00f3n de los ri\u00f1ones. Cistatina C Beta-2 Microglobulina Crea Riesgo elevado de muertetinina GFR\u00a0 C\u00e1lculo Urinario Cuantitativo Vitamina B6 Riesgo C\u00e1lculos de Oxalato. Orina T-Spot.TB \/ Plac Test Riesgo elevado de muerte Da\u00f1o temprano Previo a Elevaci\u00f3n de Creatinina. Disminuye Riesgo de llegar a HEMODI\u00c1LISIS. \u00a1Transforma tu Salud! [&hellip;]\" \/>\n<meta property=\"og:url\" content=\"https:\/\/www.gastro-lab.com\/index.php\/elementor-8\/\" \/>\n<meta property=\"og:site_name\" content=\"Gastrolab Centro Cardiometabolico\" \/>\n<meta property=\"article:modified_time\" content=\"2025-07-20T19:10:22+00:00\" \/>\n<meta property=\"og:image\" content=\"https:\/\/www.gastro-lab.com\/wp-content\/uploads\/2025\/06\/8.png\" \/>\n\t<meta property=\"og:image:width\" content=\"1080\" \/>\n\t<meta property=\"og:image:height\" content=\"1080\" \/>\n\t<meta property=\"og:image:type\" content=\"image\/png\" \/>\n<meta name=\"twitter:card\" content=\"summary_large_image\" \/>\n<meta name=\"twitter:label1\" content=\"Tiempo de lectura\" \/>\n\t<meta name=\"twitter:data1\" content=\"1 minuto\" \/>\n<script type=\"application\/ld+json\" class=\"yoast-schema-graph\">{\"@context\":\"https:\/\/schema.org\",\"@graph\":[{\"@type\":\"WebPage\",\"@id\":\"https:\/\/www.gastro-lab.com\/index.php\/elementor-8\/\",\"url\":\"https:\/\/www.gastro-lab.com\/index.php\/elementor-8\/\",\"name\":\"Elementor #8 - Gastrolab Centro Cardiometabolico\",\"isPartOf\":{\"@id\":\"https:\/\/www.gastro-lab.com\/#website\"},\"primaryImageOfPage\":{\"@id\":\"https:\/\/www.gastro-lab.com\/index.php\/elementor-8\/#primaryimage\"},\"image\":{\"@id\":\"https:\/\/www.gastro-lab.com\/index.php\/elementor-8\/#primaryimage\"},\"thumbnailUrl\":\"https:\/\/www.gastro-lab.com\/wp-content\/uploads\/2025\/06\/8-1024x1024.png\",\"datePublished\":\"2025-07-13T19:24:10+00:00\",\"dateModified\":\"2025-07-20T19:10:22+00:00\",\"breadcrumb\":{\"@id\":\"https:\/\/www.gastro-lab.com\/index.php\/elementor-8\/#breadcrumb\"},\"inLanguage\":\"es\",\"potentialAction\":[{\"@type\":\"ReadAction\",\"target\":[\"https:\/\/www.gastro-lab.com\/index.php\/elementor-8\/\"]}]},{\"@type\":\"ImageObject\",\"inLanguage\":\"es\",\"@id\":\"https:\/\/www.gastro-lab.com\/index.php\/elementor-8\/#primaryimage\",\"url\":\"https:\/\/www.gastro-lab.com\/wp-content\/uploads\/2025\/06\/8.png\",\"contentUrl\":\"https:\/\/www.gastro-lab.com\/wp-content\/uploads\/2025\/06\/8.png\",\"width\":1080,\"height\":1080},{\"@type\":\"BreadcrumbList\",\"@id\":\"https:\/\/www.gastro-lab.com\/index.php\/elementor-8\/#breadcrumb\",\"itemListElement\":[{\"@type\":\"ListItem\",\"position\":1,\"name\":\"Portada\",\"item\":\"https:\/\/www.gastro-lab.com\/\"},{\"@type\":\"ListItem\",\"position\":2,\"name\":\"Elementor #8\"}]},{\"@type\":\"WebSite\",\"@id\":\"https:\/\/www.gastro-lab.com\/#website\",\"url\":\"https:\/\/www.gastro-lab.com\/\",\"name\":\"Gastrolab Centro Cardiometabolico\",\"description\":\"Nuestra misi\u00f3n, es abordar los Sindromes Cardiometabolicos mediante tecnolog\u00eda y estrategias innovadoras, eficaces y basadas en evidencia. Desde el Centro Cardiometab\u00f3lico, buscamos redise\u00f1ar y estructurar el fundamento de la medicina moderna a trav\u00e9s de un enfoque predictivo, preventivo y personalizado, que priorice el diagn\u00f3stico temprano y el cuidado integral de la salud.  El Centro Cardiometabolico, cuenta con la trayectoria, la tecnolog\u00eda y los protocolos necesarios para la detecci\u00f3n temprana y prevenci\u00f3n efectiva de enfermedades cr\u00f3nicas.   Es posible diagnosticar e interrumpir el progreso de condiciones cr\u00f3nicas, restaurar la salud del paciente y optimizar el uso de recursos por parte de los proveedores de salud.\",\"potentialAction\":[{\"@type\":\"SearchAction\",\"target\":{\"@type\":\"EntryPoint\",\"urlTemplate\":\"https:\/\/www.gastro-lab.com\/?s={search_term_string}\"},\"query-input\":{\"@type\":\"PropertyValueSpecification\",\"valueRequired\":true,\"valueName\":\"search_term_string\"}}],\"inLanguage\":\"es\"}]}<\/script>\n<!-- \/ Yoast SEO plugin. -->","yoast_head_json":{"title":"Elementor #8 - Gastrolab Centro Cardiometabolico","robots":{"index":"index","follow":"follow","max-snippet":"max-snippet:-1","max-image-preview":"max-image-preview:large","max-video-preview":"max-video-preview:-1"},"canonical":"https:\/\/www.gastro-lab.com\/index.php\/elementor-8\/","og_locale":"es_ES","og_type":"article","og_title":"Elementor #8 - Gastrolab Centro Cardiometabolico","og_description":"Panel Da\u00f1o Renal \u00a0Detecta deterioro en la funci\u00f3n de los ri\u00f1ones. Cistatina C Beta-2 Microglobulina Crea Riesgo elevado de muertetinina GFR\u00a0 C\u00e1lculo Urinario Cuantitativo Vitamina B6 Riesgo C\u00e1lculos de Oxalato. Orina T-Spot.TB \/ Plac Test Riesgo elevado de muerte Da\u00f1o temprano Previo a Elevaci\u00f3n de Creatinina. Disminuye Riesgo de llegar a HEMODI\u00c1LISIS. \u00a1Transforma tu Salud! [&hellip;]","og_url":"https:\/\/www.gastro-lab.com\/index.php\/elementor-8\/","og_site_name":"Gastrolab Centro Cardiometabolico","article_modified_time":"2025-07-20T19:10:22+00:00","og_image":[{"width":1080,"height":1080,"url":"https:\/\/www.gastro-lab.com\/wp-content\/uploads\/2025\/06\/8.png","type":"image\/png"}],"twitter_card":"summary_large_image","twitter_misc":{"Tiempo de lectura":"1 minuto"},"schema":{"@context":"https:\/\/schema.org","@graph":[{"@type":"WebPage","@id":"https:\/\/www.gastro-lab.com\/index.php\/elementor-8\/","url":"https:\/\/www.gastro-lab.com\/index.php\/elementor-8\/","name":"Elementor #8 - Gastrolab Centro Cardiometabolico","isPartOf":{"@id":"https:\/\/www.gastro-lab.com\/#website"},"primaryImageOfPage":{"@id":"https:\/\/www.gastro-lab.com\/index.php\/elementor-8\/#primaryimage"},"image":{"@id":"https:\/\/www.gastro-lab.com\/index.php\/elementor-8\/#primaryimage"},"thumbnailUrl":"https:\/\/www.gastro-lab.com\/wp-content\/uploads\/2025\/06\/8-1024x1024.png","datePublished":"2025-07-13T19:24:10+00:00","dateModified":"2025-07-20T19:10:22+00:00","breadcrumb":{"@id":"https:\/\/www.gastro-lab.com\/index.php\/elementor-8\/#breadcrumb"},"inLanguage":"es","potentialAction":[{"@type":"ReadAction","target":["https:\/\/www.gastro-lab.com\/index.php\/elementor-8\/"]}]},{"@type":"ImageObject","inLanguage":"es","@id":"https:\/\/www.gastro-lab.com\/index.php\/elementor-8\/#primaryimage","url":"https:\/\/www.gastro-lab.com\/wp-content\/uploads\/2025\/06\/8.png","contentUrl":"https:\/\/www.gastro-lab.com\/wp-content\/uploads\/2025\/06\/8.png","width":1080,"height":1080},{"@type":"BreadcrumbList","@id":"https:\/\/www.gastro-lab.com\/index.php\/elementor-8\/#breadcrumb","itemListElement":[{"@type":"ListItem","position":1,"name":"Portada","item":"https:\/\/www.gastro-lab.com\/"},{"@type":"ListItem","position":2,"name":"Elementor #8"}]},{"@type":"WebSite","@id":"https:\/\/www.gastro-lab.com\/#website","url":"https:\/\/www.gastro-lab.com\/","name":"Gastrolab Centro Cardiometabolico","description":"Nuestra misi\u00f3n, es abordar los Sindromes Cardiometabolicos mediante tecnolog\u00eda y estrategias innovadoras, eficaces y basadas en evidencia. Desde el Centro Cardiometab\u00f3lico, buscamos redise\u00f1ar y estructurar el fundamento de la medicina moderna a trav\u00e9s de un enfoque predictivo, preventivo y personalizado, que priorice el diagn\u00f3stico temprano y el cuidado integral de la salud.  El Centro Cardiometabolico, cuenta con la trayectoria, la tecnolog\u00eda y los protocolos necesarios para la detecci\u00f3n temprana y prevenci\u00f3n efectiva de enfermedades cr\u00f3nicas.   Es posible diagnosticar e interrumpir el progreso de condiciones cr\u00f3nicas, restaurar la salud del paciente y optimizar el uso de recursos por parte de los proveedores de salud.","potentialAction":[{"@type":"SearchAction","target":{"@type":"EntryPoint","urlTemplate":"https:\/\/www.gastro-lab.com\/?s={search_term_string}"},"query-input":{"@type":"PropertyValueSpecification","valueRequired":true,"valueName":"search_term_string"}}],"inLanguage":"es"}]}},"_links":{"self":[{"href":"https:\/\/www.gastro-lab.com\/index.php\/wp-json\/wp\/v2\/pages\/8","targetHints":{"allow":["GET"]}}],"collection":[{"href":"https:\/\/www.gastro-lab.com\/index.php\/wp-json\/wp\/v2\/pages"}],"about":[{"href":"https:\/\/www.gastro-lab.com\/index.php\/wp-json\/wp\/v2\/types\/page"}],"author":[{"embeddable":true,"href":"https:\/\/www.gastro-lab.com\/index.php\/wp-json\/wp\/v2\/users\/1"}],"replies":[{"embeddable":true,"href":"https:\/\/www.gastro-lab.com\/index.php\/wp-json\/wp\/v2\/comments?post=8"}],"version-history":[{"count":10,"href":"https:\/\/www.gastro-lab.com\/index.php\/wp-json\/wp\/v2\/pages\/8\/revisions"}],"predecessor-version":[{"id":1509,"href":"https:\/\/www.gastro-lab.com\/index.php\/wp-json\/wp\/v2\/pages\/8\/revisions\/1509"}],"wp:attachment":[{"href":"https:\/\/www.gastro-lab.com\/index.php\/wp-json\/wp\/v2\/media?parent=8"}],"curies":[{"name":"wp","href":"https:\/\/api.w.org\/{rel}","templated":true}]}}