{"id":809,"date":"2025-07-13T03:39:08","date_gmt":"2025-07-13T03:39:08","guid":{"rendered":"https:\/\/www.gastro-lab.com\/?page_id=809"},"modified":"2025-07-20T19:10:09","modified_gmt":"2025-07-20T19:10:09","slug":"panel-endocrino-general","status":"publish","type":"page","link":"https:\/\/www.gastro-lab.com\/index.php\/panel-endocrino-general\/","title":{"rendered":"PANEL ENDOCRINO GENERAL"},"content":{"rendered":"\t\t<div data-elementor-type=\"wp-page\" data-elementor-id=\"809\" class=\"elementor elementor-809\" data-elementor-post-type=\"page\">\n\t\t\t\t<div class=\"elementor-element elementor-element-e0ca1ae e-con-full e-flex e-con e-parent\" data-id=\"e0ca1ae\" data-element_type=\"container\" data-e-type=\"container\" data-settings=\"{&quot;background_background&quot;:&quot;gradient&quot;}\">\n\t\t<div class=\"elementor-element elementor-element-67a1b8ef e-con-full e-flex e-con e-child\" data-id=\"67a1b8ef\" data-element_type=\"container\" data-e-type=\"container\">\n\t\t\t\t<div class=\"elementor-element elementor-element-1b1bafdb elementor-invisible elementor-widget elementor-widget-image\" data-id=\"1b1bafdb\" data-element_type=\"widget\" data-e-type=\"widget\" data-settings=\"{&quot;motion_fx_motion_fx_scrolling&quot;:&quot;yes&quot;,&quot;motion_fx_translateY_effect&quot;:&quot;yes&quot;,&quot;motion_fx_translateY_direction&quot;:&quot;negative&quot;,&quot;motion_fx_translateY_speed&quot;:{&quot;unit&quot;:&quot;px&quot;,&quot;size&quot;:1.5,&quot;sizes&quot;:[]},&quot;_animation&quot;:&quot;slideInLeft&quot;,&quot;motion_fx_translateY_affectedRange&quot;:{&quot;unit&quot;:&quot;%&quot;,&quot;size&quot;:&quot;&quot;,&quot;sizes&quot;:{&quot;start&quot;:0,&quot;end&quot;:100}},&quot;motion_fx_devices&quot;:[&quot;desktop&quot;,&quot;tablet&quot;,&quot;mobile&quot;]}\" data-widget_type=\"image.default\">\n\t\t\t\t<div class=\"elementor-widget-container\">\n\t\t\t\t\t\t\t\t\t\t\t\t\t\t\t<img fetchpriority=\"high\" decoding=\"async\" width=\"1024\" height=\"1024\" src=\"https:\/\/www.gastro-lab.com\/wp-content\/uploads\/2025\/06\/21-1024x1024.png\" class=\"attachment-large size-large wp-image-411\" alt=\"\" srcset=\"https:\/\/www.gastro-lab.com\/wp-content\/uploads\/2025\/06\/21-1024x1024.png 1024w, https:\/\/www.gastro-lab.com\/wp-content\/uploads\/2025\/06\/21-300x300.png 300w, https:\/\/www.gastro-lab.com\/wp-content\/uploads\/2025\/06\/21-150x150.png 150w, https:\/\/www.gastro-lab.com\/wp-content\/uploads\/2025\/06\/21-768x768.png 768w, https:\/\/www.gastro-lab.com\/wp-content\/uploads\/2025\/06\/21-400x400.png 400w, https:\/\/www.gastro-lab.com\/wp-content\/uploads\/2025\/06\/21-450x450.png 450w, https:\/\/www.gastro-lab.com\/wp-content\/uploads\/2025\/06\/21-106x106.png 106w, https:\/\/www.gastro-lab.com\/wp-content\/uploads\/2025\/06\/21-560x560.png 560w, https:\/\/www.gastro-lab.com\/wp-content\/uploads\/2025\/06\/21-80x80.png 80w, https:\/\/www.gastro-lab.com\/wp-content\/uploads\/2025\/06\/21.png 1080w\" sizes=\"(max-width: 1024px) 100vw, 1024px\" \/>\t\t\t\t\t\t\t\t\t\t\t\t\t\t\t<\/div>\n\t\t\t\t<\/div>\n\t\t\t\t<\/div>\n\t\t<div class=\"elementor-element elementor-element-392ecc47 e-con-full e-flex e-con e-child\" data-id=\"392ecc47\" data-element_type=\"container\" data-e-type=\"container\">\n\t\t<div class=\"elementor-element elementor-element-2e64bcc e-flex e-con-boxed e-con e-child\" data-id=\"2e64bcc\" data-element_type=\"container\" data-e-type=\"container\">\n\t\t\t\t\t<div class=\"e-con-inner\">\n\t\t\t\t<div class=\"elementor-element elementor-element-2e8ecc06 animated-slow elementor-invisible elementor-widget elementor-widget-heading\" data-id=\"2e8ecc06\" data-element_type=\"widget\" data-e-type=\"widget\" data-settings=\"{&quot;_animation&quot;:&quot;fadeIn&quot;}\" data-widget_type=\"heading.default\">\n\t\t\t\t<div class=\"elementor-widget-container\">\n\t\t\t\t\t<h1 class=\"elementor-heading-title elementor-size-default\">Panel Endocrino General\n<\/h1>\t\t\t\t<\/div>\n\t\t\t\t<\/div>\n\t\t\t\t<div class=\"elementor-element elementor-element-5f75d7b0 elementor-invisible elementor-widget elementor-widget-text-editor\" data-id=\"5f75d7b0\" data-element_type=\"widget\" data-e-type=\"widget\" data-settings=\"{&quot;_animation&quot;:&quot;fadeIn&quot;,&quot;_animation_delay&quot;:200}\" data-widget_type=\"text-editor.default\">\n\t\t\t\t<div class=\"elementor-widget-container\">\n\t\t\t\t\t\t\t\t\t<p>Eval\u00faa el sistema hormonal en general.<\/p>\t\t\t\t\t\t\t\t<\/div>\n\t\t\t\t<\/div>\n\t\t\t\t\t<\/div>\n\t\t\t\t<\/div>\n\t\t\t\t<div class=\"elementor-element elementor-element-116cef4e elementor-widget elementor-widget-image\" data-id=\"116cef4e\" data-element_type=\"widget\" data-e-type=\"widget\" data-widget_type=\"image.default\">\n\t\t\t\t<div class=\"elementor-widget-container\">\n\t\t\t\t\t\t\t\t\t\t\t\t\t\t\t<img decoding=\"async\" width=\"1024\" height=\"256\" src=\"https:\/\/www.gastro-lab.com\/wp-content\/uploads\/2025\/05\/Beige-Aesthetic-Elegant-Minimalist-Name-LinkedIn-Banner--1024x256.png\" class=\"attachment-large size-large wp-image-322\" alt=\"\" srcset=\"https:\/\/www.gastro-lab.com\/wp-content\/uploads\/2025\/05\/Beige-Aesthetic-Elegant-Minimalist-Name-LinkedIn-Banner--1024x256.png 1024w, https:\/\/www.gastro-lab.com\/wp-content\/uploads\/2025\/05\/Beige-Aesthetic-Elegant-Minimalist-Name-LinkedIn-Banner--300x75.png 300w, https:\/\/www.gastro-lab.com\/wp-content\/uploads\/2025\/05\/Beige-Aesthetic-Elegant-Minimalist-Name-LinkedIn-Banner--768x192.png 768w, https:\/\/www.gastro-lab.com\/wp-content\/uploads\/2025\/05\/Beige-Aesthetic-Elegant-Minimalist-Name-LinkedIn-Banner--1536x384.png 1536w, https:\/\/www.gastro-lab.com\/wp-content\/uploads\/2025\/05\/Beige-Aesthetic-Elegant-Minimalist-Name-LinkedIn-Banner-.png 1584w\" sizes=\"(max-width: 1024px) 100vw, 1024px\" \/>\t\t\t\t\t\t\t\t\t\t\t\t\t\t\t<\/div>\n\t\t\t\t<\/div>\n\t\t\t\t<\/div>\n\t\t\t\t<\/div>\n\t\t<div class=\"elementor-element elementor-element-5365871 e-flex e-con-boxed elementor-invisible e-con e-parent\" data-id=\"5365871\" data-element_type=\"container\" data-e-type=\"container\" data-settings=\"{&quot;animation&quot;:&quot;fadeInUp&quot;}\">\n\t\t\t\t\t<div class=\"e-con-inner\">\n\t\t<div class=\"elementor-element elementor-element-39853a49 e-con-full e-flex e-con e-child\" data-id=\"39853a49\" data-element_type=\"container\" data-e-type=\"container\" data-settings=\"{&quot;background_background&quot;:&quot;classic&quot;}\">\n\t\t\t\t<div class=\"elementor-element elementor-element-5339c013 elementor-invisible elementor-widget elementor-widget-text-editor\" data-id=\"5339c013\" data-element_type=\"widget\" data-e-type=\"widget\" data-settings=\"{&quot;_animation&quot;:&quot;fadeIn&quot;,&quot;_animation_delay&quot;:200}\" data-widget_type=\"text-editor.default\">\n\t\t\t\t<div class=\"elementor-widget-container\">\n\t\t\t\t\t\t\t\t\t<ul><li dir=\"ltr\"><p dir=\"ltr\" role=\"presentation\">ACTH<\/p><\/li><li dir=\"ltr\"><p dir=\"ltr\" role=\"presentation\">Aldostrerona<\/p><\/li><li dir=\"ltr\"><p dir=\"ltr\" role=\"presentation\">Beta-HCG Cuantitativo<\/p><\/li><li dir=\"ltr\"><p dir=\"ltr\" role=\"presentation\">Cortisol am &#8211; pm.<\/p><\/li><li dir=\"ltr\"><p dir=\"ltr\" role=\"presentation\">DHEA-S<\/p><\/li><li dir=\"ltr\"><p dir=\"ltr\" role=\"presentation\">Estradiol<\/p><\/li><li dir=\"ltr\"><p dir=\"ltr\" role=\"presentation\">FSH<\/p><\/li><li dir=\"ltr\"><p dir=\"ltr\" role=\"presentation\">LH<\/p><\/li><li dir=\"ltr\"><p dir=\"ltr\" role=\"presentation\">Progesterona<\/p><\/li><li dir=\"ltr\"><p dir=\"ltr\" role=\"presentation\">IGF-1 niveles s\u00e9ricos<\/p><\/li><li dir=\"ltr\"><p dir=\"ltr\" role=\"presentation\">Hormona de Crecimiento.<\/p><\/li><li dir=\"ltr\"><p dir=\"ltr\" role=\"presentation\">Insulina Ayuno<\/p><\/li><li dir=\"ltr\"><p dir=\"ltr\" role=\"presentation\">P\u00e9ptido C<\/p><\/li><li dir=\"ltr\"><p dir=\"ltr\" role=\"presentation\">Proteina Ligadora<\/p><\/li><\/ul>\t\t\t\t\t\t\t\t<\/div>\n\t\t\t\t<\/div>\n\t\t\t\t<\/div>\n\t\t<div class=\"elementor-element elementor-element-535d825d e-con-full e-flex e-con e-child\" data-id=\"535d825d\" data-element_type=\"container\" data-e-type=\"container\" data-settings=\"{&quot;background_background&quot;:&quot;classic&quot;}\">\n\t\t\t\t<div class=\"elementor-element elementor-element-72619846 elementor-invisible elementor-widget elementor-widget-text-editor\" data-id=\"72619846\" data-element_type=\"widget\" data-e-type=\"widget\" data-settings=\"{&quot;_animation&quot;:&quot;fadeIn&quot;,&quot;_animation_delay&quot;:200}\" data-widget_type=\"text-editor.default\">\n\t\t\t\t<div class=\"elementor-widget-container\">\n\t\t\t\t\t\t\t\t\t<ul><li dir=\"ltr\"><p dir=\"ltr\" role=\"presentation\">Prolactina<\/p><\/li><li dir=\"ltr\"><p dir=\"ltr\" role=\"presentation\">Macroprolactina<\/p><\/li><li dir=\"ltr\"><p dir=\"ltr\" role=\"presentation\">Progesterona-17 OH<\/p><\/li><li dir=\"ltr\"><p dir=\"ltr\" role=\"presentation\">PTH Intact.<\/p><\/li><li dir=\"ltr\"><p dir=\"ltr\" role=\"presentation\">SHBG.<\/p><\/li><li dir=\"ltr\"><p dir=\"ltr\" role=\"presentation\">(Globulina Ligadora de Hormonas sexuales)<\/p><\/li><li dir=\"ltr\"><p dir=\"ltr\" role=\"presentation\">Testosterona Libre.<\/p><\/li><li dir=\"ltr\"><p dir=\"ltr\" role=\"presentation\">RIA<\/p><\/li><li dir=\"ltr\"><p dir=\"ltr\" role=\"presentation\">Testosterona Libre y Biodisponible<\/p><\/li><li dir=\"ltr\"><p dir=\"ltr\" role=\"presentation\">T3\/T4 Libre<\/p><\/li><li dir=\"ltr\"><p dir=\"ltr\" role=\"presentation\">T3\/T4 Toltal<\/p><\/li><li dir=\"ltr\"><p dir=\"ltr\" role=\"presentation\">TSH<\/p><\/li><li dir=\"ltr\"><p dir=\"ltr\" role=\"presentation\">Vit D 1 25-Hydroxy<\/p><\/li><li dir=\"ltr\">\u00a0<\/li><\/ul>\t\t\t\t\t\t\t\t<\/div>\n\t\t\t\t<\/div>\n\t\t\t\t<\/div>\n\t\t\t\t\t<\/div>\n\t\t\t\t<\/div>\n\t\t<div class=\"elementor-element elementor-element-28e2d2d8 e-flex e-con-boxed e-con e-parent\" data-id=\"28e2d2d8\" data-element_type=\"container\" data-e-type=\"container\">\n\t\t\t\t\t<div class=\"e-con-inner\">\n\t\t\t\t<div class=\"elementor-element elementor-element-3924ecf6 elementor-widget elementor-widget-heading\" data-id=\"3924ecf6\" data-element_type=\"widget\" data-e-type=\"widget\" data-widget_type=\"heading.default\">\n\t\t\t\t<div class=\"elementor-widget-container\">\n\t\t\t\t\t<h3 class=\"elementor-heading-title elementor-size-default\">\u00a1Transforma tu Salud! <\/h3>\t\t\t\t<\/div>\n\t\t\t\t<\/div>\n\t\t\t\t<div class=\"elementor-element elementor-element-56546160 elementor-widget elementor-widget-text-editor\" data-id=\"56546160\" data-element_type=\"widget\" data-e-type=\"widget\" data-widget_type=\"text-editor.default\">\n\t\t\t\t<div class=\"elementor-widget-container\">\n\t\t\t\t\t\t\t\t\t<p>Cont\u00e1ctanos y Descubre C\u00f3mo Podemos Ayudarte.<\/p>\t\t\t\t\t\t\t\t<\/div>\n\t\t\t\t<\/div>\n\t\t\t\t<div class=\"elementor-element elementor-element-5e39fc8a elementor-align-center elementor-mobile-align-center elementor-widget elementor-widget-button\" data-id=\"5e39fc8a\" data-element_type=\"widget\" data-e-type=\"widget\" data-widget_type=\"button.default\">\n\t\t\t\t<div class=\"elementor-widget-container\">\n\t\t\t\t\t\t\t\t\t<div class=\"elementor-button-wrapper\">\n\t\t\t\t\t<a class=\"elementor-button elementor-button-link elementor-size-sm\" href=\"https:\/\/wa.link\/p5n5y5\">\n\t\t\t\t\t\t<span class=\"elementor-button-content-wrapper\">\n\t\t\t\t\t\t\t\t\t<span class=\"elementor-button-text\">M\u00e1s informaci\u00f3n<\/span>\n\t\t\t\t\t<\/span>\n\t\t\t\t\t<\/a>\n\t\t\t\t<\/div>\n\t\t\t\t\t\t\t\t<\/div>\n\t\t\t\t<\/div>\n\t\t\t\t\t<\/div>\n\t\t\t\t<\/div>\n\t\t\t\t<\/div>\n\t\t","protected":false},"excerpt":{"rendered":"<p>Panel Endocrino General Eval\u00faa el sistema hormonal en general. ACTH Aldostrerona Beta-HCG Cuantitativo Cortisol am &#8211; pm. DHEA-S Estradiol FSH LH Progesterona IGF-1 niveles s\u00e9ricos Hormona de Crecimiento. Insulina Ayuno P\u00e9ptido C Proteina Ligadora Prolactina Macroprolactina Progesterona-17 OH PTH Intact. SHBG. (Globulina Ligadora de Hormonas sexuales) Testosterona Libre. RIA Testosterona Libre y Biodisponible T3\/T4 Libre [&hellip;]<\/p>\n","protected":false},"author":1,"featured_media":0,"parent":0,"menu_order":0,"comment_status":"closed","ping_status":"closed","template":"elementor_header_footer","meta":{"footnotes":""},"class_list":["post-809","page","type-page","status-publish","hentry"],"yoast_head":"<!-- This site is optimized with the Yoast SEO plugin v27.2 - https:\/\/yoast.com\/product\/yoast-seo-wordpress\/ -->\n<title>PANEL ENDOCRINO GENERAL - Gastrolab Centro Cardiometabolico<\/title>\n<meta name=\"robots\" content=\"index, follow, max-snippet:-1, max-image-preview:large, max-video-preview:-1\" \/>\n<link rel=\"canonical\" href=\"https:\/\/www.gastro-lab.com\/index.php\/panel-endocrino-general\/\" \/>\n<meta property=\"og:locale\" content=\"es_ES\" \/>\n<meta property=\"og:type\" content=\"article\" \/>\n<meta property=\"og:title\" content=\"PANEL ENDOCRINO GENERAL - Gastrolab Centro Cardiometabolico\" \/>\n<meta property=\"og:description\" content=\"Panel Endocrino General Eval\u00faa el sistema hormonal en general. ACTH Aldostrerona Beta-HCG Cuantitativo Cortisol am &#8211; pm. DHEA-S Estradiol FSH LH Progesterona IGF-1 niveles s\u00e9ricos Hormona de Crecimiento. Insulina Ayuno P\u00e9ptido C Proteina Ligadora Prolactina Macroprolactina Progesterona-17 OH PTH Intact. SHBG. (Globulina Ligadora de Hormonas sexuales) Testosterona Libre. RIA Testosterona Libre y Biodisponible T3\/T4 Libre [&hellip;]\" \/>\n<meta property=\"og:url\" content=\"https:\/\/www.gastro-lab.com\/index.php\/panel-endocrino-general\/\" \/>\n<meta property=\"og:site_name\" content=\"Gastrolab Centro Cardiometabolico\" \/>\n<meta property=\"article:modified_time\" content=\"2025-07-20T19:10:09+00:00\" \/>\n<meta property=\"og:image\" content=\"https:\/\/www.gastro-lab.com\/wp-content\/uploads\/2025\/06\/21.png\" \/>\n\t<meta property=\"og:image:width\" content=\"1080\" \/>\n\t<meta property=\"og:image:height\" content=\"1080\" \/>\n\t<meta property=\"og:image:type\" content=\"image\/png\" \/>\n<meta name=\"twitter:card\" content=\"summary_large_image\" \/>\n<meta name=\"twitter:label1\" content=\"Tiempo de lectura\" \/>\n\t<meta name=\"twitter:data1\" content=\"1 minuto\" \/>\n<script type=\"application\/ld+json\" class=\"yoast-schema-graph\">{\"@context\":\"https:\/\/schema.org\",\"@graph\":[{\"@type\":\"WebPage\",\"@id\":\"https:\/\/www.gastro-lab.com\/index.php\/panel-endocrino-general\/\",\"url\":\"https:\/\/www.gastro-lab.com\/index.php\/panel-endocrino-general\/\",\"name\":\"PANEL ENDOCRINO GENERAL - Gastrolab Centro Cardiometabolico\",\"isPartOf\":{\"@id\":\"https:\/\/www.gastro-lab.com\/#website\"},\"primaryImageOfPage\":{\"@id\":\"https:\/\/www.gastro-lab.com\/index.php\/panel-endocrino-general\/#primaryimage\"},\"image\":{\"@id\":\"https:\/\/www.gastro-lab.com\/index.php\/panel-endocrino-general\/#primaryimage\"},\"thumbnailUrl\":\"https:\/\/www.gastro-lab.com\/wp-content\/uploads\/2025\/06\/21-1024x1024.png\",\"datePublished\":\"2025-07-13T03:39:08+00:00\",\"dateModified\":\"2025-07-20T19:10:09+00:00\",\"breadcrumb\":{\"@id\":\"https:\/\/www.gastro-lab.com\/index.php\/panel-endocrino-general\/#breadcrumb\"},\"inLanguage\":\"es\",\"potentialAction\":[{\"@type\":\"ReadAction\",\"target\":[\"https:\/\/www.gastro-lab.com\/index.php\/panel-endocrino-general\/\"]}]},{\"@type\":\"ImageObject\",\"inLanguage\":\"es\",\"@id\":\"https:\/\/www.gastro-lab.com\/index.php\/panel-endocrino-general\/#primaryimage\",\"url\":\"https:\/\/www.gastro-lab.com\/wp-content\/uploads\/2025\/06\/21.png\",\"contentUrl\":\"https:\/\/www.gastro-lab.com\/wp-content\/uploads\/2025\/06\/21.png\",\"width\":1080,\"height\":1080},{\"@type\":\"BreadcrumbList\",\"@id\":\"https:\/\/www.gastro-lab.com\/index.php\/panel-endocrino-general\/#breadcrumb\",\"itemListElement\":[{\"@type\":\"ListItem\",\"position\":1,\"name\":\"Portada\",\"item\":\"https:\/\/www.gastro-lab.com\/\"},{\"@type\":\"ListItem\",\"position\":2,\"name\":\"PANEL ENDOCRINO GENERAL\"}]},{\"@type\":\"WebSite\",\"@id\":\"https:\/\/www.gastro-lab.com\/#website\",\"url\":\"https:\/\/www.gastro-lab.com\/\",\"name\":\"Gastrolab Centro Cardiometabolico\",\"description\":\"Nuestra misi\u00f3n, es abordar los Sindromes Cardiometabolicos mediante tecnolog\u00eda y estrategias innovadoras, eficaces y basadas en evidencia. Desde el Centro Cardiometab\u00f3lico, buscamos redise\u00f1ar y estructurar el fundamento de la medicina moderna a trav\u00e9s de un enfoque predictivo, preventivo y personalizado, que priorice el diagn\u00f3stico temprano y el cuidado integral de la salud.  El Centro Cardiometabolico, cuenta con la trayectoria, la tecnolog\u00eda y los protocolos necesarios para la detecci\u00f3n temprana y prevenci\u00f3n efectiva de enfermedades cr\u00f3nicas.   Es posible diagnosticar e interrumpir el progreso de condiciones cr\u00f3nicas, restaurar la salud del paciente y optimizar el uso de recursos por parte de los proveedores de salud.\",\"potentialAction\":[{\"@type\":\"SearchAction\",\"target\":{\"@type\":\"EntryPoint\",\"urlTemplate\":\"https:\/\/www.gastro-lab.com\/?s={search_term_string}\"},\"query-input\":{\"@type\":\"PropertyValueSpecification\",\"valueRequired\":true,\"valueName\":\"search_term_string\"}}],\"inLanguage\":\"es\"}]}<\/script>\n<!-- \/ Yoast SEO plugin. -->","yoast_head_json":{"title":"PANEL ENDOCRINO GENERAL - Gastrolab Centro Cardiometabolico","robots":{"index":"index","follow":"follow","max-snippet":"max-snippet:-1","max-image-preview":"max-image-preview:large","max-video-preview":"max-video-preview:-1"},"canonical":"https:\/\/www.gastro-lab.com\/index.php\/panel-endocrino-general\/","og_locale":"es_ES","og_type":"article","og_title":"PANEL ENDOCRINO GENERAL - Gastrolab Centro Cardiometabolico","og_description":"Panel Endocrino General Eval\u00faa el sistema hormonal en general. ACTH Aldostrerona Beta-HCG Cuantitativo Cortisol am &#8211; pm. DHEA-S Estradiol FSH LH Progesterona IGF-1 niveles s\u00e9ricos Hormona de Crecimiento. Insulina Ayuno P\u00e9ptido C Proteina Ligadora Prolactina Macroprolactina Progesterona-17 OH PTH Intact. SHBG. (Globulina Ligadora de Hormonas sexuales) Testosterona Libre. RIA Testosterona Libre y Biodisponible T3\/T4 Libre [&hellip;]","og_url":"https:\/\/www.gastro-lab.com\/index.php\/panel-endocrino-general\/","og_site_name":"Gastrolab Centro Cardiometabolico","article_modified_time":"2025-07-20T19:10:09+00:00","og_image":[{"width":1080,"height":1080,"url":"https:\/\/www.gastro-lab.com\/wp-content\/uploads\/2025\/06\/21.png","type":"image\/png"}],"twitter_card":"summary_large_image","twitter_misc":{"Tiempo de lectura":"1 minuto"},"schema":{"@context":"https:\/\/schema.org","@graph":[{"@type":"WebPage","@id":"https:\/\/www.gastro-lab.com\/index.php\/panel-endocrino-general\/","url":"https:\/\/www.gastro-lab.com\/index.php\/panel-endocrino-general\/","name":"PANEL ENDOCRINO GENERAL - Gastrolab Centro Cardiometabolico","isPartOf":{"@id":"https:\/\/www.gastro-lab.com\/#website"},"primaryImageOfPage":{"@id":"https:\/\/www.gastro-lab.com\/index.php\/panel-endocrino-general\/#primaryimage"},"image":{"@id":"https:\/\/www.gastro-lab.com\/index.php\/panel-endocrino-general\/#primaryimage"},"thumbnailUrl":"https:\/\/www.gastro-lab.com\/wp-content\/uploads\/2025\/06\/21-1024x1024.png","datePublished":"2025-07-13T03:39:08+00:00","dateModified":"2025-07-20T19:10:09+00:00","breadcrumb":{"@id":"https:\/\/www.gastro-lab.com\/index.php\/panel-endocrino-general\/#breadcrumb"},"inLanguage":"es","potentialAction":[{"@type":"ReadAction","target":["https:\/\/www.gastro-lab.com\/index.php\/panel-endocrino-general\/"]}]},{"@type":"ImageObject","inLanguage":"es","@id":"https:\/\/www.gastro-lab.com\/index.php\/panel-endocrino-general\/#primaryimage","url":"https:\/\/www.gastro-lab.com\/wp-content\/uploads\/2025\/06\/21.png","contentUrl":"https:\/\/www.gastro-lab.com\/wp-content\/uploads\/2025\/06\/21.png","width":1080,"height":1080},{"@type":"BreadcrumbList","@id":"https:\/\/www.gastro-lab.com\/index.php\/panel-endocrino-general\/#breadcrumb","itemListElement":[{"@type":"ListItem","position":1,"name":"Portada","item":"https:\/\/www.gastro-lab.com\/"},{"@type":"ListItem","position":2,"name":"PANEL ENDOCRINO GENERAL"}]},{"@type":"WebSite","@id":"https:\/\/www.gastro-lab.com\/#website","url":"https:\/\/www.gastro-lab.com\/","name":"Gastrolab Centro Cardiometabolico","description":"Nuestra misi\u00f3n, es abordar los Sindromes Cardiometabolicos mediante tecnolog\u00eda y estrategias innovadoras, eficaces y basadas en evidencia. Desde el Centro Cardiometab\u00f3lico, buscamos redise\u00f1ar y estructurar el fundamento de la medicina moderna a trav\u00e9s de un enfoque predictivo, preventivo y personalizado, que priorice el diagn\u00f3stico temprano y el cuidado integral de la salud.  El Centro Cardiometabolico, cuenta con la trayectoria, la tecnolog\u00eda y los protocolos necesarios para la detecci\u00f3n temprana y prevenci\u00f3n efectiva de enfermedades cr\u00f3nicas.   Es posible diagnosticar e interrumpir el progreso de condiciones cr\u00f3nicas, restaurar la salud del paciente y optimizar el uso de recursos por parte de los proveedores de salud.","potentialAction":[{"@type":"SearchAction","target":{"@type":"EntryPoint","urlTemplate":"https:\/\/www.gastro-lab.com\/?s={search_term_string}"},"query-input":{"@type":"PropertyValueSpecification","valueRequired":true,"valueName":"search_term_string"}}],"inLanguage":"es"}]}},"_links":{"self":[{"href":"https:\/\/www.gastro-lab.com\/index.php\/wp-json\/wp\/v2\/pages\/809","targetHints":{"allow":["GET"]}}],"collection":[{"href":"https:\/\/www.gastro-lab.com\/index.php\/wp-json\/wp\/v2\/pages"}],"about":[{"href":"https:\/\/www.gastro-lab.com\/index.php\/wp-json\/wp\/v2\/types\/page"}],"author":[{"embeddable":true,"href":"https:\/\/www.gastro-lab.com\/index.php\/wp-json\/wp\/v2\/users\/1"}],"replies":[{"embeddable":true,"href":"https:\/\/www.gastro-lab.com\/index.php\/wp-json\/wp\/v2\/comments?post=809"}],"version-history":[{"count":12,"href":"https:\/\/www.gastro-lab.com\/index.php\/wp-json\/wp\/v2\/pages\/809\/revisions"}],"predecessor-version":[{"id":1485,"href":"https:\/\/www.gastro-lab.com\/index.php\/wp-json\/wp\/v2\/pages\/809\/revisions\/1485"}],"wp:attachment":[{"href":"https:\/\/www.gastro-lab.com\/index.php\/wp-json\/wp\/v2\/media?parent=809"}],"curies":[{"name":"wp","href":"https:\/\/api.w.org\/{rel}","templated":true}]}}