{"id":811,"date":"2025-07-13T03:38:43","date_gmt":"2025-07-13T03:38:43","guid":{"rendered":"https:\/\/www.gastro-lab.com\/?page_id=811"},"modified":"2025-07-20T19:09:51","modified_gmt":"2025-07-20T19:09:51","slug":"panel-riesgo-cariovascular","status":"publish","type":"page","link":"https:\/\/www.gastro-lab.com\/index.php\/panel-riesgo-cariovascular\/","title":{"rendered":"PANEL RIESGO CARIOVASCULAR"},"content":{"rendered":"\t\t<div data-elementor-type=\"wp-page\" data-elementor-id=\"811\" class=\"elementor elementor-811\" data-elementor-post-type=\"page\">\n\t\t\t\t<div class=\"elementor-element elementor-element-5375856a e-con-full e-flex e-con e-parent\" data-id=\"5375856a\" data-element_type=\"container\" data-e-type=\"container\" data-settings=\"{&quot;background_background&quot;:&quot;gradient&quot;}\">\n\t\t<div class=\"elementor-element elementor-element-3f5d708b e-con-full e-flex e-con e-child\" data-id=\"3f5d708b\" data-element_type=\"container\" data-e-type=\"container\">\n\t\t\t\t<div class=\"elementor-element elementor-element-452ce2ce elementor-invisible elementor-widget elementor-widget-image\" data-id=\"452ce2ce\" data-element_type=\"widget\" data-e-type=\"widget\" data-settings=\"{&quot;motion_fx_motion_fx_scrolling&quot;:&quot;yes&quot;,&quot;motion_fx_translateY_effect&quot;:&quot;yes&quot;,&quot;motion_fx_translateY_direction&quot;:&quot;negative&quot;,&quot;motion_fx_translateY_speed&quot;:{&quot;unit&quot;:&quot;px&quot;,&quot;size&quot;:1.5,&quot;sizes&quot;:[]},&quot;_animation&quot;:&quot;slideInLeft&quot;,&quot;motion_fx_translateY_affectedRange&quot;:{&quot;unit&quot;:&quot;%&quot;,&quot;size&quot;:&quot;&quot;,&quot;sizes&quot;:{&quot;start&quot;:0,&quot;end&quot;:100}},&quot;motion_fx_devices&quot;:[&quot;desktop&quot;,&quot;tablet&quot;,&quot;mobile&quot;]}\" data-widget_type=\"image.default\">\n\t\t\t\t<div class=\"elementor-widget-container\">\n\t\t\t\t\t\t\t\t\t\t\t\t\t\t\t<img fetchpriority=\"high\" decoding=\"async\" width=\"1024\" height=\"538\" src=\"https:\/\/www.gastro-lab.com\/wp-content\/uploads\/2025\/07\/iStock-1266230179-1024x538.jpg\" class=\"attachment-large size-large wp-image-473\" alt=\"\" srcset=\"https:\/\/www.gastro-lab.com\/wp-content\/uploads\/2025\/07\/iStock-1266230179-1024x538.jpg 1024w, https:\/\/www.gastro-lab.com\/wp-content\/uploads\/2025\/07\/iStock-1266230179-300x158.jpg 300w, https:\/\/www.gastro-lab.com\/wp-content\/uploads\/2025\/07\/iStock-1266230179-768x403.jpg 768w, https:\/\/www.gastro-lab.com\/wp-content\/uploads\/2025\/07\/iStock-1266230179.jpg 1200w\" sizes=\"(max-width: 1024px) 100vw, 1024px\" \/>\t\t\t\t\t\t\t\t\t\t\t\t\t\t\t<\/div>\n\t\t\t\t<\/div>\n\t\t\t\t<\/div>\n\t\t<div class=\"elementor-element elementor-element-268abaca e-con-full e-flex e-con e-child\" data-id=\"268abaca\" data-element_type=\"container\" data-e-type=\"container\">\n\t\t<div class=\"elementor-element elementor-element-52a0e4ca e-flex e-con-boxed e-con e-child\" data-id=\"52a0e4ca\" data-element_type=\"container\" data-e-type=\"container\">\n\t\t\t\t\t<div class=\"e-con-inner\">\n\t\t\t\t<div class=\"elementor-element elementor-element-134b1a87 animated-slow elementor-invisible elementor-widget elementor-widget-heading\" data-id=\"134b1a87\" data-element_type=\"widget\" data-e-type=\"widget\" data-settings=\"{&quot;_animation&quot;:&quot;fadeIn&quot;}\" data-widget_type=\"heading.default\">\n\t\t\t\t<div class=\"elementor-widget-container\">\n\t\t\t\t\t<h1 class=\"elementor-heading-title elementor-size-default\">Panel Riesgo Cardiovascular\n<\/h1>\t\t\t\t<\/div>\n\t\t\t\t<\/div>\n\t\t\t\t<div class=\"elementor-element elementor-element-7001dac8 elementor-invisible elementor-widget elementor-widget-text-editor\" data-id=\"7001dac8\" data-element_type=\"widget\" data-e-type=\"widget\" data-settings=\"{&quot;_animation&quot;:&quot;fadeIn&quot;,&quot;_animation_delay&quot;:200}\" data-widget_type=\"text-editor.default\">\n\t\t\t\t<div class=\"elementor-widget-container\">\n\t\t\t\t\t\t\t\t\t<p><i>Permite evaluar y detectar riesgos asociados con enfermedades cardiovasculares 10 <\/i><i>a\u00f1os<\/i><i> antes que se pueda presentar un posible evento.<\/i><\/p>\t\t\t\t\t\t\t\t<\/div>\n\t\t\t\t<\/div>\n\t\t\t\t<div class=\"elementor-element elementor-element-1bdbe89e elementor-widget elementor-widget-image\" data-id=\"1bdbe89e\" data-element_type=\"widget\" data-e-type=\"widget\" data-widget_type=\"image.default\">\n\t\t\t\t<div class=\"elementor-widget-container\">\n\t\t\t\t\t\t\t\t\t\t\t\t\t\t\t<img decoding=\"async\" width=\"1024\" height=\"256\" src=\"https:\/\/www.gastro-lab.com\/wp-content\/uploads\/2025\/05\/Beige-Aesthetic-Elegant-Minimalist-Name-LinkedIn-Banner--1024x256.png\" class=\"attachment-large size-large wp-image-322\" alt=\"\" srcset=\"https:\/\/www.gastro-lab.com\/wp-content\/uploads\/2025\/05\/Beige-Aesthetic-Elegant-Minimalist-Name-LinkedIn-Banner--1024x256.png 1024w, https:\/\/www.gastro-lab.com\/wp-content\/uploads\/2025\/05\/Beige-Aesthetic-Elegant-Minimalist-Name-LinkedIn-Banner--300x75.png 300w, https:\/\/www.gastro-lab.com\/wp-content\/uploads\/2025\/05\/Beige-Aesthetic-Elegant-Minimalist-Name-LinkedIn-Banner--768x192.png 768w, https:\/\/www.gastro-lab.com\/wp-content\/uploads\/2025\/05\/Beige-Aesthetic-Elegant-Minimalist-Name-LinkedIn-Banner--1536x384.png 1536w, https:\/\/www.gastro-lab.com\/wp-content\/uploads\/2025\/05\/Beige-Aesthetic-Elegant-Minimalist-Name-LinkedIn-Banner-.png 1584w\" sizes=\"(max-width: 1024px) 100vw, 1024px\" \/>\t\t\t\t\t\t\t\t\t\t\t\t\t\t\t<\/div>\n\t\t\t\t<\/div>\n\t\t\t\t\t<\/div>\n\t\t\t\t<\/div>\n\t\t\t\t<\/div>\n\t\t\t\t<\/div>\n\t\t<div class=\"elementor-element elementor-element-3bd18527 e-flex e-con-boxed elementor-invisible e-con e-parent\" data-id=\"3bd18527\" data-element_type=\"container\" data-e-type=\"container\" data-settings=\"{&quot;animation&quot;:&quot;fadeInUp&quot;}\">\n\t\t\t\t\t<div class=\"e-con-inner\">\n\t\t<div class=\"elementor-element elementor-element-7a0e3298 e-con-full e-flex e-con e-child\" data-id=\"7a0e3298\" data-element_type=\"container\" data-e-type=\"container\" data-settings=\"{&quot;background_background&quot;:&quot;classic&quot;}\">\n\t\t\t\t<div class=\"elementor-element elementor-element-177698aa elementor-invisible elementor-widget elementor-widget-text-editor\" data-id=\"177698aa\" data-element_type=\"widget\" data-e-type=\"widget\" data-settings=\"{&quot;_animation&quot;:&quot;fadeIn&quot;,&quot;_animation_delay&quot;:200}\" data-widget_type=\"text-editor.default\">\n\t\t\t\t<div class=\"elementor-widget-container\">\n\t\t\t\t\t\t\t\t\t<ul><li dir=\"ltr\"><p dir=\"ltr\" role=\"presentation\">Lp-PLA2<\/p><\/li><li dir=\"ltr\"><p dir=\"ltr\" role=\"presentation\">Apolipoproteina B<\/p><\/li><li dir=\"ltr\"><p dir=\"ltr\" role=\"presentation\">Apolipoproteina A-1<\/p><\/li><li dir=\"ltr\"><p dir=\"ltr\" role=\"presentation\">Lipoproteina (a)<\/p><\/li><li dir=\"ltr\"><p dir=\"ltr\" role=\"presentation\">11-Dehydrothromboxane B2 (Resistencia a la Aspirina)<\/p><\/li><li dir=\"ltr\"><p dir=\"ltr\" role=\"presentation\">Colesterol Total<\/p><\/li><li dir=\"ltr\"><p dir=\"ltr\" role=\"presentation\">Trigliceridos<\/p><\/li><li dir=\"ltr\"><p dir=\"ltr\" role=\"presentation\">HDL<\/p><\/li><\/ul>\t\t\t\t\t\t\t\t<\/div>\n\t\t\t\t<\/div>\n\t\t\t\t<\/div>\n\t\t<div class=\"elementor-element elementor-element-41b5f6e7 e-con-full e-flex e-con e-child\" data-id=\"41b5f6e7\" data-element_type=\"container\" data-e-type=\"container\" data-settings=\"{&quot;background_background&quot;:&quot;classic&quot;}\">\n\t\t\t\t<div class=\"elementor-element elementor-element-69aadbb2 elementor-invisible elementor-widget elementor-widget-text-editor\" data-id=\"69aadbb2\" data-element_type=\"widget\" data-e-type=\"widget\" data-settings=\"{&quot;_animation&quot;:&quot;fadeIn&quot;,&quot;_animation_delay&quot;:200}\" data-widget_type=\"text-editor.default\">\n\t\t\t\t<div class=\"elementor-widget-container\">\n\t\t\t\t\t\t\t\t\t<ul><li dir=\"ltr\"><p dir=\"ltr\" role=\"presentation\">LDL<\/p><\/li><li dir=\"ltr\"><p dir=\"ltr\" role=\"presentation\">CYP2C19 Genotipo (Clopidogrel Metabolismo)<\/p><\/li><li dir=\"ltr\"><p dir=\"ltr\" role=\"presentation\">Glutation Reductasa<\/p><\/li><li dir=\"ltr\"><p dir=\"ltr\" role=\"presentation\">Panel Genetico Triple (LDLR, APOB, PCSK9)<\/p><\/li><li dir=\"ltr\"><p dir=\"ltr\" role=\"presentation\">Galectina 3<\/p><\/li><li dir=\"ltr\"><p dir=\"ltr\" role=\"presentation\">Leptina<\/p><\/li><li dir=\"ltr\"><p dir=\"ltr\" role=\"presentation\">MutaCHIP ARTERO (Panel Genetico de Riesgo Cardiovascular)<\/p><\/li><li dir=\"ltr\"><p dir=\"ltr\" role=\"presentation\">Troponina de Alta Sensibilidad<\/p><\/li><li dir=\"ltr\"><p dir=\"ltr\" role=\"presentation\">Ox-LDL<\/p><\/li><\/ul><p>\u00a0<\/p>\t\t\t\t\t\t\t\t<\/div>\n\t\t\t\t<\/div>\n\t\t\t\t<\/div>\n\t\t\t\t\t<\/div>\n\t\t\t\t<\/div>\n\t\t<div class=\"elementor-element elementor-element-2ef578fd e-flex e-con-boxed e-con e-parent\" data-id=\"2ef578fd\" data-element_type=\"container\" data-e-type=\"container\">\n\t\t\t\t\t<div class=\"e-con-inner\">\n\t\t\t\t<div class=\"elementor-element elementor-element-e8f6c65 elementor-widget elementor-widget-heading\" data-id=\"e8f6c65\" data-element_type=\"widget\" data-e-type=\"widget\" data-widget_type=\"heading.default\">\n\t\t\t\t<div class=\"elementor-widget-container\">\n\t\t\t\t\t<h3 class=\"elementor-heading-title elementor-size-default\">\u00a1Transforma tu Salud! <\/h3>\t\t\t\t<\/div>\n\t\t\t\t<\/div>\n\t\t\t\t<div class=\"elementor-element elementor-element-1c3f22f1 elementor-widget elementor-widget-text-editor\" data-id=\"1c3f22f1\" data-element_type=\"widget\" data-e-type=\"widget\" data-widget_type=\"text-editor.default\">\n\t\t\t\t<div class=\"elementor-widget-container\">\n\t\t\t\t\t\t\t\t\t<p>Cont\u00e1ctanos y Descubre C\u00f3mo Podemos Ayudarte.<\/p>\t\t\t\t\t\t\t\t<\/div>\n\t\t\t\t<\/div>\n\t\t\t\t<div class=\"elementor-element elementor-element-5344970e elementor-align-center elementor-mobile-align-center elementor-widget elementor-widget-button\" data-id=\"5344970e\" data-element_type=\"widget\" data-e-type=\"widget\" data-widget_type=\"button.default\">\n\t\t\t\t<div class=\"elementor-widget-container\">\n\t\t\t\t\t\t\t\t\t<div class=\"elementor-button-wrapper\">\n\t\t\t\t\t<a class=\"elementor-button elementor-button-link elementor-size-sm\" href=\"https:\/\/wa.link\/p5n5y5\">\n\t\t\t\t\t\t<span class=\"elementor-button-content-wrapper\">\n\t\t\t\t\t\t\t\t\t<span class=\"elementor-button-text\">M\u00e1s informaci\u00f3n<\/span>\n\t\t\t\t\t<\/span>\n\t\t\t\t\t<\/a>\n\t\t\t\t<\/div>\n\t\t\t\t\t\t\t\t<\/div>\n\t\t\t\t<\/div>\n\t\t\t\t\t<\/div>\n\t\t\t\t<\/div>\n\t\t\t\t<\/div>\n\t\t","protected":false},"excerpt":{"rendered":"<p>Panel Riesgo Cardiovascular Permite evaluar y detectar riesgos asociados con enfermedades cardiovasculares 10 a\u00f1os antes que se pueda presentar un posible evento. Lp-PLA2 Apolipoproteina B Apolipoproteina A-1 Lipoproteina (a) 11-Dehydrothromboxane B2 (Resistencia a la Aspirina) Colesterol Total Trigliceridos HDL LDL CYP2C19 Genotipo (Clopidogrel Metabolismo) Glutation Reductasa Panel Genetico Triple (LDLR, APOB, PCSK9) Galectina 3 Leptina [&hellip;]<\/p>\n","protected":false},"author":1,"featured_media":0,"parent":0,"menu_order":0,"comment_status":"closed","ping_status":"closed","template":"elementor_header_footer","meta":{"footnotes":""},"class_list":["post-811","page","type-page","status-publish","hentry"],"yoast_head":"<!-- This site is optimized with the Yoast SEO plugin v27.2 - https:\/\/yoast.com\/product\/yoast-seo-wordpress\/ -->\n<title>PANEL RIESGO CARIOVASCULAR - Gastrolab Centro Cardiometabolico<\/title>\n<meta name=\"robots\" content=\"index, follow, max-snippet:-1, max-image-preview:large, max-video-preview:-1\" \/>\n<link rel=\"canonical\" href=\"https:\/\/www.gastro-lab.com\/index.php\/panel-riesgo-cariovascular\/\" \/>\n<meta property=\"og:locale\" content=\"es_ES\" \/>\n<meta property=\"og:type\" content=\"article\" \/>\n<meta property=\"og:title\" content=\"PANEL RIESGO CARIOVASCULAR - Gastrolab Centro Cardiometabolico\" \/>\n<meta property=\"og:description\" content=\"Panel Riesgo Cardiovascular Permite evaluar y detectar riesgos asociados con enfermedades cardiovasculares 10 a\u00f1os antes que se pueda presentar un posible evento. Lp-PLA2 Apolipoproteina B Apolipoproteina A-1 Lipoproteina (a) 11-Dehydrothromboxane B2 (Resistencia a la Aspirina) Colesterol Total Trigliceridos HDL LDL CYP2C19 Genotipo (Clopidogrel Metabolismo) Glutation Reductasa Panel Genetico Triple (LDLR, APOB, PCSK9) Galectina 3 Leptina [&hellip;]\" \/>\n<meta property=\"og:url\" content=\"https:\/\/www.gastro-lab.com\/index.php\/panel-riesgo-cariovascular\/\" \/>\n<meta property=\"og:site_name\" content=\"Gastrolab Centro Cardiometabolico\" \/>\n<meta property=\"article:modified_time\" content=\"2025-07-20T19:09:51+00:00\" \/>\n<meta property=\"og:image\" content=\"https:\/\/www.gastro-lab.com\/wp-content\/uploads\/2025\/07\/Beige-Aesthetic-Elegant-Minimalist-Name-LinkedIn-Banner-3.png\" \/>\n\t<meta property=\"og:image:width\" content=\"792\" \/>\n\t<meta property=\"og:image:height\" content=\"198\" \/>\n\t<meta property=\"og:image:type\" content=\"image\/png\" \/>\n<meta name=\"twitter:card\" content=\"summary_large_image\" \/>\n<meta name=\"twitter:label1\" content=\"Tiempo de lectura\" \/>\n\t<meta name=\"twitter:data1\" content=\"2 minutos\" \/>\n<script type=\"application\/ld+json\" class=\"yoast-schema-graph\">{\"@context\":\"https:\/\/schema.org\",\"@graph\":[{\"@type\":\"WebPage\",\"@id\":\"https:\/\/www.gastro-lab.com\/index.php\/panel-riesgo-cariovascular\/\",\"url\":\"https:\/\/www.gastro-lab.com\/index.php\/panel-riesgo-cariovascular\/\",\"name\":\"PANEL RIESGO CARIOVASCULAR - Gastrolab Centro Cardiometabolico\",\"isPartOf\":{\"@id\":\"https:\/\/www.gastro-lab.com\/#website\"},\"primaryImageOfPage\":{\"@id\":\"https:\/\/www.gastro-lab.com\/index.php\/panel-riesgo-cariovascular\/#primaryimage\"},\"image\":{\"@id\":\"https:\/\/www.gastro-lab.com\/index.php\/panel-riesgo-cariovascular\/#primaryimage\"},\"thumbnailUrl\":\"https:\/\/www.gastro-lab.com\/wp-content\/uploads\/2025\/07\/iStock-1266230179-1024x538.jpg\",\"datePublished\":\"2025-07-13T03:38:43+00:00\",\"dateModified\":\"2025-07-20T19:09:51+00:00\",\"breadcrumb\":{\"@id\":\"https:\/\/www.gastro-lab.com\/index.php\/panel-riesgo-cariovascular\/#breadcrumb\"},\"inLanguage\":\"es\",\"potentialAction\":[{\"@type\":\"ReadAction\",\"target\":[\"https:\/\/www.gastro-lab.com\/index.php\/panel-riesgo-cariovascular\/\"]}]},{\"@type\":\"ImageObject\",\"inLanguage\":\"es\",\"@id\":\"https:\/\/www.gastro-lab.com\/index.php\/panel-riesgo-cariovascular\/#primaryimage\",\"url\":\"https:\/\/www.gastro-lab.com\/wp-content\/uploads\/2025\/07\/iStock-1266230179.jpg\",\"contentUrl\":\"https:\/\/www.gastro-lab.com\/wp-content\/uploads\/2025\/07\/iStock-1266230179.jpg\",\"width\":1200,\"height\":630},{\"@type\":\"BreadcrumbList\",\"@id\":\"https:\/\/www.gastro-lab.com\/index.php\/panel-riesgo-cariovascular\/#breadcrumb\",\"itemListElement\":[{\"@type\":\"ListItem\",\"position\":1,\"name\":\"Portada\",\"item\":\"https:\/\/www.gastro-lab.com\/\"},{\"@type\":\"ListItem\",\"position\":2,\"name\":\"PANEL RIESGO CARIOVASCULAR\"}]},{\"@type\":\"WebSite\",\"@id\":\"https:\/\/www.gastro-lab.com\/#website\",\"url\":\"https:\/\/www.gastro-lab.com\/\",\"name\":\"Gastrolab Centro Cardiometabolico\",\"description\":\"Nuestra misi\u00f3n, es abordar los Sindromes Cardiometabolicos mediante tecnolog\u00eda y estrategias innovadoras, eficaces y basadas en evidencia. Desde el Centro Cardiometab\u00f3lico, buscamos redise\u00f1ar y estructurar el fundamento de la medicina moderna a trav\u00e9s de un enfoque predictivo, preventivo y personalizado, que priorice el diagn\u00f3stico temprano y el cuidado integral de la salud.  El Centro Cardiometabolico, cuenta con la trayectoria, la tecnolog\u00eda y los protocolos necesarios para la detecci\u00f3n temprana y prevenci\u00f3n efectiva de enfermedades cr\u00f3nicas.   Es posible diagnosticar e interrumpir el progreso de condiciones cr\u00f3nicas, restaurar la salud del paciente y optimizar el uso de recursos por parte de los proveedores de salud.\",\"potentialAction\":[{\"@type\":\"SearchAction\",\"target\":{\"@type\":\"EntryPoint\",\"urlTemplate\":\"https:\/\/www.gastro-lab.com\/?s={search_term_string}\"},\"query-input\":{\"@type\":\"PropertyValueSpecification\",\"valueRequired\":true,\"valueName\":\"search_term_string\"}}],\"inLanguage\":\"es\"}]}<\/script>\n<!-- \/ Yoast SEO plugin. -->","yoast_head_json":{"title":"PANEL RIESGO CARIOVASCULAR - Gastrolab Centro Cardiometabolico","robots":{"index":"index","follow":"follow","max-snippet":"max-snippet:-1","max-image-preview":"max-image-preview:large","max-video-preview":"max-video-preview:-1"},"canonical":"https:\/\/www.gastro-lab.com\/index.php\/panel-riesgo-cariovascular\/","og_locale":"es_ES","og_type":"article","og_title":"PANEL RIESGO CARIOVASCULAR - Gastrolab Centro Cardiometabolico","og_description":"Panel Riesgo Cardiovascular Permite evaluar y detectar riesgos asociados con enfermedades cardiovasculares 10 a\u00f1os antes que se pueda presentar un posible evento. Lp-PLA2 Apolipoproteina B Apolipoproteina A-1 Lipoproteina (a) 11-Dehydrothromboxane B2 (Resistencia a la Aspirina) Colesterol Total Trigliceridos HDL LDL CYP2C19 Genotipo (Clopidogrel Metabolismo) Glutation Reductasa Panel Genetico Triple (LDLR, APOB, PCSK9) Galectina 3 Leptina [&hellip;]","og_url":"https:\/\/www.gastro-lab.com\/index.php\/panel-riesgo-cariovascular\/","og_site_name":"Gastrolab Centro Cardiometabolico","article_modified_time":"2025-07-20T19:09:51+00:00","og_image":[{"width":792,"height":198,"url":"https:\/\/www.gastro-lab.com\/wp-content\/uploads\/2025\/07\/Beige-Aesthetic-Elegant-Minimalist-Name-LinkedIn-Banner-3.png","type":"image\/png"}],"twitter_card":"summary_large_image","twitter_misc":{"Tiempo de lectura":"2 minutos"},"schema":{"@context":"https:\/\/schema.org","@graph":[{"@type":"WebPage","@id":"https:\/\/www.gastro-lab.com\/index.php\/panel-riesgo-cariovascular\/","url":"https:\/\/www.gastro-lab.com\/index.php\/panel-riesgo-cariovascular\/","name":"PANEL RIESGO CARIOVASCULAR - Gastrolab Centro Cardiometabolico","isPartOf":{"@id":"https:\/\/www.gastro-lab.com\/#website"},"primaryImageOfPage":{"@id":"https:\/\/www.gastro-lab.com\/index.php\/panel-riesgo-cariovascular\/#primaryimage"},"image":{"@id":"https:\/\/www.gastro-lab.com\/index.php\/panel-riesgo-cariovascular\/#primaryimage"},"thumbnailUrl":"https:\/\/www.gastro-lab.com\/wp-content\/uploads\/2025\/07\/iStock-1266230179-1024x538.jpg","datePublished":"2025-07-13T03:38:43+00:00","dateModified":"2025-07-20T19:09:51+00:00","breadcrumb":{"@id":"https:\/\/www.gastro-lab.com\/index.php\/panel-riesgo-cariovascular\/#breadcrumb"},"inLanguage":"es","potentialAction":[{"@type":"ReadAction","target":["https:\/\/www.gastro-lab.com\/index.php\/panel-riesgo-cariovascular\/"]}]},{"@type":"ImageObject","inLanguage":"es","@id":"https:\/\/www.gastro-lab.com\/index.php\/panel-riesgo-cariovascular\/#primaryimage","url":"https:\/\/www.gastro-lab.com\/wp-content\/uploads\/2025\/07\/iStock-1266230179.jpg","contentUrl":"https:\/\/www.gastro-lab.com\/wp-content\/uploads\/2025\/07\/iStock-1266230179.jpg","width":1200,"height":630},{"@type":"BreadcrumbList","@id":"https:\/\/www.gastro-lab.com\/index.php\/panel-riesgo-cariovascular\/#breadcrumb","itemListElement":[{"@type":"ListItem","position":1,"name":"Portada","item":"https:\/\/www.gastro-lab.com\/"},{"@type":"ListItem","position":2,"name":"PANEL RIESGO CARIOVASCULAR"}]},{"@type":"WebSite","@id":"https:\/\/www.gastro-lab.com\/#website","url":"https:\/\/www.gastro-lab.com\/","name":"Gastrolab Centro Cardiometabolico","description":"Nuestra misi\u00f3n, es abordar los Sindromes Cardiometabolicos mediante tecnolog\u00eda y estrategias innovadoras, eficaces y basadas en evidencia. Desde el Centro Cardiometab\u00f3lico, buscamos redise\u00f1ar y estructurar el fundamento de la medicina moderna a trav\u00e9s de un enfoque predictivo, preventivo y personalizado, que priorice el diagn\u00f3stico temprano y el cuidado integral de la salud.  El Centro Cardiometabolico, cuenta con la trayectoria, la tecnolog\u00eda y los protocolos necesarios para la detecci\u00f3n temprana y prevenci\u00f3n efectiva de enfermedades cr\u00f3nicas.   Es posible diagnosticar e interrumpir el progreso de condiciones cr\u00f3nicas, restaurar la salud del paciente y optimizar el uso de recursos por parte de los proveedores de salud.","potentialAction":[{"@type":"SearchAction","target":{"@type":"EntryPoint","urlTemplate":"https:\/\/www.gastro-lab.com\/?s={search_term_string}"},"query-input":{"@type":"PropertyValueSpecification","valueRequired":true,"valueName":"search_term_string"}}],"inLanguage":"es"}]}},"_links":{"self":[{"href":"https:\/\/www.gastro-lab.com\/index.php\/wp-json\/wp\/v2\/pages\/811","targetHints":{"allow":["GET"]}}],"collection":[{"href":"https:\/\/www.gastro-lab.com\/index.php\/wp-json\/wp\/v2\/pages"}],"about":[{"href":"https:\/\/www.gastro-lab.com\/index.php\/wp-json\/wp\/v2\/types\/page"}],"author":[{"embeddable":true,"href":"https:\/\/www.gastro-lab.com\/index.php\/wp-json\/wp\/v2\/users\/1"}],"replies":[{"embeddable":true,"href":"https:\/\/www.gastro-lab.com\/index.php\/wp-json\/wp\/v2\/comments?post=811"}],"version-history":[{"count":15,"href":"https:\/\/www.gastro-lab.com\/index.php\/wp-json\/wp\/v2\/pages\/811\/revisions"}],"predecessor-version":[{"id":1457,"href":"https:\/\/www.gastro-lab.com\/index.php\/wp-json\/wp\/v2\/pages\/811\/revisions\/1457"}],"wp:attachment":[{"href":"https:\/\/www.gastro-lab.com\/index.php\/wp-json\/wp\/v2\/media?parent=811"}],"curies":[{"name":"wp","href":"https:\/\/api.w.org\/{rel}","templated":true}]}}